{"id":12900,"date":"2025-09-27T18:08:31","date_gmt":"2025-09-27T18:08:31","guid":{"rendered":"https:\/\/baq.com.co\/?page_id=12900"},"modified":"2025-09-27T18:10:08","modified_gmt":"2025-09-27T18:10:08","slug":"menu-city","status":"publish","type":"page","link":"https:\/\/baq.com.co\/es\/menu-city\/","title":{"rendered":"Menu City"},"content":{"rendered":"<div data-elementor-type=\"page\" data-elementor-id=\"12900\" class=\"elementor elementor-12900\" data-elementor-post-type=\"page\">\n\t\t\t\t\t\t<section class=\"elementor-section elementor-top-section elementor-element elementor-element-58fa57e4 image_full elementor-section-boxed elementor-section-height-default elementor-section-height-default\" data-id=\"58fa57e4\" data-element_type=\"section\" data-e-type=\"section\">\n\t\t\t\t\t\t<div class=\"elementor-container elementor-column-gap-default\">\n\t\t\t\t\t<div class=\"elementor-column elementor-col-33 elementor-top-column elementor-element elementor-element-b1b75d7\" data-id=\"b1b75d7\" data-element_type=\"column\" data-e-type=\"column\">\n\t\t\t<div class=\"elementor-widget-wrap elementor-element-populated\">\n\t\t\t\t\t\t<div class=\"elementor-element elementor-element-18fdbb75 elementor-widget elementor-widget-image\" data-id=\"18fdbb75\" data-element_type=\"widget\" data-e-type=\"widget\" data-widget_type=\"image.default\">\n\t\t\t\t<div class=\"elementor-widget-container\">\n\t\t\t\t\t\t\t\t\t\t\t\t\t\t\t<img decoding=\"async\" src=\"http:\/\/demo.shrimpthemes.com\/1\/megamenu\/wp-content\/uploads\/2019\/04\/instragram_8.jpg\" title=\"\" alt=\"\" loading=\"lazy\" \/>\t\t\t\t\t\t\t\t\t\t\t\t\t\t\t<\/div>\n\t\t\t\t<\/div>\n\t\t\t\t\t<\/div>\n\t\t<\/div>\n\t\t\t\t<div class=\"elementor-column elementor-col-33 elementor-top-column elementor-element elementor-element-6358e699\" data-id=\"6358e699\" data-element_type=\"column\" data-e-type=\"column\">\n\t\t\t<div class=\"elementor-widget-wrap elementor-element-populated\">\n\t\t\t\t\t\t<div class=\"elementor-element elementor-element-76d254bc elementor-widget elementor-widget-heading\" data-id=\"76d254bc\" data-element_type=\"widget\" data-e-type=\"widget\" data-widget_type=\"heading.default\">\n\t\t\t\t<div class=\"elementor-widget-container\">\n\t\t\t\t\t<h2 class=\"elementor-heading-title elementor-size-default\">Lorem Ipsum is not simply<\/h2>\t\t\t\t<\/div>\n\t\t\t\t<\/div>\n\t\t\t\t<div class=\"elementor-element elementor-element-749a3f9e elementor-widget elementor-widget-text-editor\" data-id=\"749a3f9e\" data-element_type=\"widget\" data-e-type=\"widget\" data-widget_type=\"text-editor.default\">\n\t\t\t\t<div class=\"elementor-widget-container\">\n\t\t\t\t\t\t\t\t\tClick edit button to change this text. Lorem ipsum dolor sit amet.\t\t\t\t\t\t\t\t<\/div>\n\t\t\t\t<\/div>\n\t\t\t\t<div class=\"elementor-element elementor-element-2619ca71 elementor-icon-list--layout-traditional elementor-list-item-link-full_width elementor-widget elementor-widget-icon-list\" data-id=\"2619ca71\" data-element_type=\"widget\" data-e-type=\"widget\" data-widget_type=\"icon-list.default\">\n\t\t\t\t<div class=\"elementor-widget-container\">\n\t\t\t\t\t\t\t<ul class=\"elementor-icon-list-items\">\n\t\t\t\t\t\t\t<li class=\"elementor-icon-list-item\">\n\t\t\t\t\t\t\t\t\t\t\t<span class=\"elementor-icon-list-icon\">\n\t\t\t\t\t\t\t\t\t\t\t\t\t\t\t\t<i class=\"fa fa-check\" aria-hidden=\"true\"><\/i>\n\t\t\t\t\t\t\t\t\t\t\t\t\t<\/span>\n\t\t\t\t\t\t\t\t\t\t<span class=\"elementor-icon-list-text\">Lorem Ipsum<\/span>\n\t\t\t\t\t\t\t\t\t<\/li>\n\t\t\t\t\t\t\t\t<li class=\"elementor-icon-list-item\">\n\t\t\t\t\t\t\t\t\t\t\t<span class=\"elementor-icon-list-icon\">\n\t\t\t\t\t\t\t\t\t\t\t\t\t\t\t\t<i class=\"fa fa-check\" aria-hidden=\"true\"><\/i>\n\t\t\t\t\t\t\t\t\t\t\t\t\t<\/span>\n\t\t\t\t\t\t\t\t\t\t<span class=\"elementor-icon-list-text\">The majority<\/span>\n\t\t\t\t\t\t\t\t\t<\/li>\n\t\t\t\t\t\t\t\t<li class=\"elementor-icon-list-item\">\n\t\t\t\t\t\t\t\t\t\t\t<span class=\"elementor-icon-list-icon\">\n\t\t\t\t\t\t\t\t\t\t\t\t\t\t\t\t<i class=\"fa fa-check\" aria-hidden=\"true\"><\/i>\n\t\t\t\t\t\t\t\t\t\t\t\t\t<\/span>\n\t\t\t\t\t\t\t\t\t\t<span class=\"elementor-icon-list-text\">Click Edit Button<\/span>\n\t\t\t\t\t\t\t\t\t<\/li>\n\t\t\t\t\t\t\t\t<li class=\"elementor-icon-list-item\">\n\t\t\t\t\t\t\t\t\t\t\t<span class=\"elementor-icon-list-icon\">\n\t\t\t\t\t\t\t\t\t\t\t\t\t\t\t\t<i class=\"fa fa-check\" aria-hidden=\"true\"><\/i>\n\t\t\t\t\t\t\t\t\t\t\t\t\t<\/span>\n\t\t\t\t\t\t\t\t\t\t<span class=\"elementor-icon-list-text\">We Provide Best service<\/span>\n\t\t\t\t\t\t\t\t\t<\/li>\n\t\t\t\t\t\t\t\t<li class=\"elementor-icon-list-item\">\n\t\t\t\t\t\t\t\t\t\t\t<span class=\"elementor-icon-list-icon\">\n\t\t\t\t\t\t\t\t\t\t\t\t\t\t\t\t<i class=\"fa fa-check\" aria-hidden=\"true\"><\/i>\n\t\t\t\t\t\t\t\t\t\t\t\t\t<\/span>\n\t\t\t\t\t\t\t\t\t\t<span class=\"elementor-icon-list-text\">Accept Challenge<\/span>\n\t\t\t\t\t\t\t\t\t<\/li>\n\t\t\t\t\t\t\t\t<li class=\"elementor-icon-list-item\">\n\t\t\t\t\t\t\t\t\t\t\t<span class=\"elementor-icon-list-icon\">\n\t\t\t\t\t\t\t\t\t\t\t\t\t\t\t\t<i class=\"fa fa-check\" aria-hidden=\"true\"><\/i>\n\t\t\t\t\t\t\t\t\t\t\t\t\t<\/span>\n\t\t\t\t\t\t\t\t\t\t<span class=\"elementor-icon-list-text\">The majority<\/span>\n\t\t\t\t\t\t\t\t\t<\/li>\n\t\t\t\t\t\t\t\t<li class=\"elementor-icon-list-item\">\n\t\t\t\t\t\t\t\t\t\t\t<span class=\"elementor-icon-list-icon\">\n\t\t\t\t\t\t\t\t\t\t\t\t\t\t\t\t<i class=\"fa fa-check\" aria-hidden=\"true\"><\/i>\n\t\t\t\t\t\t\t\t\t\t\t\t\t<\/span>\n\t\t\t\t\t\t\t\t\t\t<span class=\"elementor-icon-list-text\">Best Service<\/span>\n\t\t\t\t\t\t\t\t\t<\/li>\n\t\t\t\t\t\t<\/ul>\n\t\t\t\t\t\t<\/div>\n\t\t\t\t<\/div>\n\t\t\t\t\t<\/div>\n\t\t<\/div>\n\t\t\t\t<div class=\"elementor-column elementor-col-33 elementor-top-column elementor-element elementor-element-2203934e\" data-id=\"2203934e\" data-element_type=\"column\" data-e-type=\"column\">\n\t\t\t<div class=\"elementor-widget-wrap elementor-element-populated\">\n\t\t\t\t\t\t<div class=\"elementor-element elementor-element-3b6784a7 elementor-widget elementor-widget-video\" data-id=\"3b6784a7\" data-element_type=\"widget\" data-e-type=\"widget\" data-settings=\"{&quot;youtube_url&quot;:&quot;https:\\\/\\\/www.youtube.com\\\/watch?v=XHOmBV4js_E&quot;,&quot;video_type&quot;:&quot;youtube&quot;,&quot;controls&quot;:&quot;yes&quot;}\" data-widget_type=\"video.default\">\n\t\t\t\t<div class=\"elementor-widget-container\">\n\t\t\t\t\t\t\t<div class=\"elementor-wrapper elementor-open-inline\">\n\t\t\t<div class=\"elementor-video\"><\/div>\t\t<\/div>\n\t\t\t\t\t\t<\/div>\n\t\t\t\t<\/div>\n\t\t\t\t<div class=\"elementor-element elementor-element-79ab9a0d elementor-widget elementor-widget-text-editor\" data-id=\"79ab9a0d\" data-element_type=\"widget\" data-e-type=\"widget\" data-widget_type=\"text-editor.default\">\n\t\t\t\t<div class=\"elementor-widget-container\">\n\t\t\t\t\t\t\t\t\tClick edit button to change this text. Lorem ipsum dolor sit amet. the majority have suffered\t\t\t\t\t\t\t\t<\/div>\n\t\t\t\t<\/div>\n\t\t\t\t\t<\/div>\n\t\t<\/div>\n\t\t\t\t\t<\/div>\n\t\t<\/section>\n\t\t\t\t<\/div>","protected":false},"excerpt":{"rendered":"<p>Lorem Ipsum is not simply Click edit button to change this text. Lorem ipsum dolor sit amet. Lorem Ipsum The majority Click Edit Button We Provide Best service Accept Challenge The majority Best Service https:\/\/www.youtube.com\/watch?v=XHOmBV4js_EClick edit button to change this text. Lorem ipsum dolor sit amet. the majority have suffered<\/p>","protected":false},"author":1,"featured_media":0,"parent":0,"menu_order":0,"comment_status":"closed","ping_status":"closed","template":"elementor_header_footer","meta":{"_acf_changed":false,"footnotes":""},"class_list":["post-12900","page","type-page","status-publish","hentry"],"acf":[],"yoast_head":"<!-- This site is optimized with the Yoast SEO Premium plugin v25.7.1 (Yoast SEO v27.5) - https:\/\/yoast.com\/product\/yoast-seo-premium-wordpress\/ -->\n<title>Menu City - Destination Barranquilla<\/title>\n<meta name=\"robots\" content=\"index, follow, max-snippet:-1, max-image-preview:large, max-video-preview:-1\" \/>\n<link rel=\"canonical\" href=\"https:\/\/baq.com.co\/es\/menu-city\/\" \/>\n<meta property=\"og:locale\" content=\"es_ES\" \/>\n<meta property=\"og:type\" content=\"article\" \/>\n<meta property=\"og:title\" content=\"Menu City\" \/>\n<meta property=\"og:description\" content=\"Lorem Ipsum is not simply Click edit button to change this text. Lorem ipsum dolor sit amet. Lorem Ipsum The majority Click Edit Button We Provide Best service Accept Challenge The majority Best Service https:\/\/www.youtube.com\/watch?v=XHOmBV4js_EClick edit button to change this text. Lorem ipsum dolor sit amet. the majority have suffered\" \/>\n<meta property=\"og:url\" content=\"https:\/\/baq.com.co\/es\/menu-city\/\" \/>\n<meta property=\"og:site_name\" content=\"Destination Barranquilla\" \/>\n<meta property=\"article:modified_time\" content=\"2025-09-27T18:10:08+00:00\" \/>\n<meta property=\"og:image\" content=\"http:\/\/demo.shrimpthemes.com\/1\/megamenu\/wp-content\/uploads\/2019\/04\/instragram_8.jpg\" \/>\n<meta name=\"twitter:card\" content=\"summary_large_image\" \/>\n<script type=\"application\/ld+json\" class=\"yoast-schema-graph\">{\"@context\":\"https:\\\/\\\/schema.org\",\"@graph\":[{\"@type\":\"WebPage\",\"@id\":\"https:\\\/\\\/baq.com.co\\\/menu-city\\\/\",\"url\":\"https:\\\/\\\/baq.com.co\\\/menu-city\\\/\",\"name\":\"Menu City - Destination Barranquilla\",\"isPartOf\":{\"@id\":\"https:\\\/\\\/baq.com.co\\\/#website\"},\"primaryImageOfPage\":{\"@id\":\"https:\\\/\\\/baq.com.co\\\/menu-city\\\/#primaryimage\"},\"image\":{\"@id\":\"https:\\\/\\\/baq.com.co\\\/menu-city\\\/#primaryimage\"},\"thumbnailUrl\":\"http:\\\/\\\/demo.shrimpthemes.com\\\/1\\\/megamenu\\\/wp-content\\\/uploads\\\/2019\\\/04\\\/instragram_8.jpg\",\"datePublished\":\"2025-09-27T18:08:31+00:00\",\"dateModified\":\"2025-09-27T18:10:08+00:00\",\"breadcrumb\":{\"@id\":\"https:\\\/\\\/baq.com.co\\\/menu-city\\\/#breadcrumb\"},\"inLanguage\":\"es-CO\",\"potentialAction\":[{\"@type\":\"ReadAction\",\"target\":[\"https:\\\/\\\/baq.com.co\\\/menu-city\\\/\"]}]},{\"@type\":\"ImageObject\",\"inLanguage\":\"es-CO\",\"@id\":\"https:\\\/\\\/baq.com.co\\\/menu-city\\\/#primaryimage\",\"url\":\"http:\\\/\\\/demo.shrimpthemes.com\\\/1\\\/megamenu\\\/wp-content\\\/uploads\\\/2019\\\/04\\\/instragram_8.jpg\",\"contentUrl\":\"http:\\\/\\\/demo.shrimpthemes.com\\\/1\\\/megamenu\\\/wp-content\\\/uploads\\\/2019\\\/04\\\/instragram_8.jpg\"},{\"@type\":\"BreadcrumbList\",\"@id\":\"https:\\\/\\\/baq.com.co\\\/menu-city\\\/#breadcrumb\",\"itemListElement\":[{\"@type\":\"ListItem\",\"position\":1,\"name\":\"Home\",\"item\":\"https:\\\/\\\/baq.com.co\\\/\"},{\"@type\":\"ListItem\",\"position\":2,\"name\":\"Menu City\"}]},{\"@type\":\"WebSite\",\"@id\":\"https:\\\/\\\/baq.com.co\\\/#website\",\"url\":\"https:\\\/\\\/baq.com.co\\\/\",\"name\":\"BAQ\",\"description\":\"Capital Caribe\",\"publisher\":{\"@id\":\"https:\\\/\\\/baq.com.co\\\/#organization\"},\"potentialAction\":[{\"@type\":\"SearchAction\",\"target\":{\"@type\":\"EntryPoint\",\"urlTemplate\":\"https:\\\/\\\/baq.com.co\\\/?s={search_term_string}\"},\"query-input\":{\"@type\":\"PropertyValueSpecification\",\"valueRequired\":true,\"valueName\":\"search_term_string\"}}],\"inLanguage\":\"es-CO\"},{\"@type\":\"Organization\",\"@id\":\"https:\\\/\\\/baq.com.co\\\/#organization\",\"name\":\"BAQ\",\"url\":\"https:\\\/\\\/baq.com.co\\\/\",\"logo\":{\"@type\":\"ImageObject\",\"inLanguage\":\"es-CO\",\"@id\":\"https:\\\/\\\/baq.com.co\\\/#\\\/schema\\\/logo\\\/image\\\/\",\"url\":\"https:\\\/\\\/baq.com.co\\\/wp-content\\\/uploads\\\/2025\\\/05\\\/Logo-3.svg\",\"contentUrl\":\"https:\\\/\\\/baq.com.co\\\/wp-content\\\/uploads\\\/2025\\\/05\\\/Logo-3.svg\",\"width\":401,\"height\":70,\"caption\":\"BAQ\"},\"image\":{\"@id\":\"https:\\\/\\\/baq.com.co\\\/#\\\/schema\\\/logo\\\/image\\\/\"},\"sameAs\":[\"https:\\\/\\\/www.instagram.com\\\/destination.barranquilla\"],\"description\":\"Atractivos, experiencias, eventos y negocios tur\u00edsticos en Barranquilla - Atl\u00e1ntico - Colombia. Cl\u00faster Turismo C\u00e1mara de Comercio de Barranquilla.\"}]}<\/script>\n<!-- \/ Yoast SEO Premium plugin. -->","yoast_head_json":{"title":"Menu City - Destination Barranquilla","robots":{"index":"index","follow":"follow","max-snippet":"max-snippet:-1","max-image-preview":"max-image-preview:large","max-video-preview":"max-video-preview:-1"},"canonical":"https:\/\/baq.com.co\/es\/menu-city\/","og_locale":"es_ES","og_type":"article","og_title":"Menu City","og_description":"Lorem Ipsum is not simply Click edit button to change this text. Lorem ipsum dolor sit amet. Lorem Ipsum The majority Click Edit Button We Provide Best service Accept Challenge The majority Best Service https:\/\/www.youtube.com\/watch?v=XHOmBV4js_EClick edit button to change this text. Lorem ipsum dolor sit amet. the majority have suffered","og_url":"https:\/\/baq.com.co\/es\/menu-city\/","og_site_name":"Destination Barranquilla","article_modified_time":"2025-09-27T18:10:08+00:00","og_image":[{"url":"http:\/\/demo.shrimpthemes.com\/1\/megamenu\/wp-content\/uploads\/2019\/04\/instragram_8.jpg","type":"","width":"","height":""}],"twitter_card":"summary_large_image","schema":{"@context":"https:\/\/schema.org","@graph":[{"@type":"WebPage","@id":"https:\/\/baq.com.co\/menu-city\/","url":"https:\/\/baq.com.co\/menu-city\/","name":"Menu City - Destination Barranquilla","isPartOf":{"@id":"https:\/\/baq.com.co\/#website"},"primaryImageOfPage":{"@id":"https:\/\/baq.com.co\/menu-city\/#primaryimage"},"image":{"@id":"https:\/\/baq.com.co\/menu-city\/#primaryimage"},"thumbnailUrl":"http:\/\/demo.shrimpthemes.com\/1\/megamenu\/wp-content\/uploads\/2019\/04\/instragram_8.jpg","datePublished":"2025-09-27T18:08:31+00:00","dateModified":"2025-09-27T18:10:08+00:00","breadcrumb":{"@id":"https:\/\/baq.com.co\/menu-city\/#breadcrumb"},"inLanguage":"es-CO","potentialAction":[{"@type":"ReadAction","target":["https:\/\/baq.com.co\/menu-city\/"]}]},{"@type":"ImageObject","inLanguage":"es-CO","@id":"https:\/\/baq.com.co\/menu-city\/#primaryimage","url":"http:\/\/demo.shrimpthemes.com\/1\/megamenu\/wp-content\/uploads\/2019\/04\/instragram_8.jpg","contentUrl":"http:\/\/demo.shrimpthemes.com\/1\/megamenu\/wp-content\/uploads\/2019\/04\/instragram_8.jpg"},{"@type":"BreadcrumbList","@id":"https:\/\/baq.com.co\/menu-city\/#breadcrumb","itemListElement":[{"@type":"ListItem","position":1,"name":"Home","item":"https:\/\/baq.com.co\/"},{"@type":"ListItem","position":2,"name":"Menu City"}]},{"@type":"WebSite","@id":"https:\/\/baq.com.co\/#website","url":"https:\/\/baq.com.co\/","name":"BAQ","description":"Capital Caribe","publisher":{"@id":"https:\/\/baq.com.co\/#organization"},"potentialAction":[{"@type":"SearchAction","target":{"@type":"EntryPoint","urlTemplate":"https:\/\/baq.com.co\/?s={search_term_string}"},"query-input":{"@type":"PropertyValueSpecification","valueRequired":true,"valueName":"search_term_string"}}],"inLanguage":"es-CO"},{"@type":"Organization","@id":"https:\/\/baq.com.co\/#organization","name":"BAQ","url":"https:\/\/baq.com.co\/","logo":{"@type":"ImageObject","inLanguage":"es-CO","@id":"https:\/\/baq.com.co\/#\/schema\/logo\/image\/","url":"https:\/\/baq.com.co\/wp-content\/uploads\/2025\/05\/Logo-3.svg","contentUrl":"https:\/\/baq.com.co\/wp-content\/uploads\/2025\/05\/Logo-3.svg","width":401,"height":70,"caption":"BAQ"},"image":{"@id":"https:\/\/baq.com.co\/#\/schema\/logo\/image\/"},"sameAs":["https:\/\/www.instagram.com\/destination.barranquilla"],"description":"Atractivos, experiencias, eventos y negocios tur\u00edsticos en Barranquilla - Atl\u00e1ntico - Colombia. Cl\u00faster Turismo C\u00e1mara de Comercio de Barranquilla."}]}},"_links":{"self":[{"href":"https:\/\/baq.com.co\/es\/wp-json\/wp\/v2\/pages\/12900","targetHints":{"allow":["GET"]}}],"collection":[{"href":"https:\/\/baq.com.co\/es\/wp-json\/wp\/v2\/pages"}],"about":[{"href":"https:\/\/baq.com.co\/es\/wp-json\/wp\/v2\/types\/page"}],"author":[{"embeddable":true,"href":"https:\/\/baq.com.co\/es\/wp-json\/wp\/v2\/users\/1"}],"replies":[{"embeddable":true,"href":"https:\/\/baq.com.co\/es\/wp-json\/wp\/v2\/comments?post=12900"}],"version-history":[{"count":2,"href":"https:\/\/baq.com.co\/es\/wp-json\/wp\/v2\/pages\/12900\/revisions"}],"predecessor-version":[{"id":12902,"href":"https:\/\/baq.com.co\/es\/wp-json\/wp\/v2\/pages\/12900\/revisions\/12902"}],"wp:attachment":[{"href":"https:\/\/baq.com.co\/es\/wp-json\/wp\/v2\/media?parent=12900"}],"curies":[{"name":"wp","href":"https:\/\/api.w.org\/{rel}","templated":true}]}}