{"id":10751,"date":"2025-07-03T16:09:47","date_gmt":"2025-07-03T16:09:47","guid":{"rendered":"https:\/\/baq.com.co\/?page_id=10751"},"modified":"2025-07-29T13:37:27","modified_gmt":"2025-07-29T13:37:27","slug":"coming-soon","status":"publish","type":"page","link":"https:\/\/baq.com.co\/es\/coming-soon\/","title":{"rendered":"Pr\u00f3ximamente"},"content":{"rendered":"<div data-elementor-type=\"wp-page\" data-elementor-id=\"10751\" class=\"elementor elementor-10751\" data-elementor-post-type=\"page\">\n\t\t\t\t<div class=\"elementor-element elementor-element-4b01401 e-flex e-con-boxed e-con e-parent\" data-id=\"4b01401\" data-element_type=\"container\" data-e-type=\"container\" data-settings=\"{&quot;background_background&quot;:&quot;classic&quot;}\">\n\t\t\t\t\t<div class=\"e-con-inner\">\n\t\t<div class=\"elementor-element elementor-element-03eb9a5 e-con-full e-flex e-con e-child\" data-id=\"03eb9a5\" data-element_type=\"container\" data-e-type=\"container\">\n\t\t\t\t<\/div>\n\t\t<div class=\"elementor-element elementor-element-69f6aa4 e-con-full e-flex e-con e-child\" data-id=\"69f6aa4\" data-element_type=\"container\" data-e-type=\"container\">\n\t\t\t\t<div class=\"elementor-element elementor-element-4fb7ac4 elementor-widget elementor-widget-image\" data-id=\"4fb7ac4\" data-element_type=\"widget\" data-e-type=\"widget\" data-widget_type=\"image.default\">\n\t\t\t\t<div class=\"elementor-widget-container\">\n\t\t\t\t\t\t\t\t\t\t\t\t\t\t\t<img fetchpriority=\"high\" decoding=\"async\" width=\"1151\" height=\"200\" src=\"https:\/\/baq.com.co\/wp-content\/uploads\/2025\/07\/BAQ-gif-2.gif\" class=\"attachment-full size-full wp-image-11274\" alt=\"\" \/>\t\t\t\t\t\t\t\t\t\t\t\t\t\t\t<\/div>\n\t\t\t\t<\/div>\n\t\t\t\t<div class=\"elementor-element elementor-element-a471d30 elementor-widget elementor-widget-heading\" data-id=\"a471d30\" data-element_type=\"widget\" data-e-type=\"widget\" data-widget_type=\"heading.default\">\n\t\t\t\t<div class=\"elementor-widget-container\">\n\t\t\t\t\t<h2 class=\"elementor-heading-title elementor-size-default\">Pr\u00f3ximamente<\/h2>\t\t\t\t<\/div>\n\t\t\t\t<\/div>\n\t\t\t\t<\/div>\n\t\t<div class=\"elementor-element elementor-element-81157ed e-con-full e-flex e-con e-child\" data-id=\"81157ed\" data-element_type=\"container\" data-e-type=\"container\">\n\t\t\t\t<\/div>\n\t\t\t\t\t<\/div>\n\t\t\t\t<\/div>\n\t\t\t\t<\/div>","protected":false},"excerpt":{"rendered":"<p>Pr\u00f3ximamente<\/p>","protected":false},"author":1,"featured_media":0,"parent":0,"menu_order":0,"comment_status":"closed","ping_status":"closed","template":"elementor_canvas","meta":{"_acf_changed":false,"footnotes":""},"class_list":["post-10751","page","type-page","status-publish","hentry"],"acf":[],"yoast_head":"<!-- This site is optimized with the Yoast SEO Premium plugin v25.7.1 (Yoast SEO v27.5) - https:\/\/yoast.com\/product\/yoast-seo-premium-wordpress\/ -->\n<title>Coming soon - Destination Barranquilla<\/title>\n<meta name=\"robots\" content=\"index, follow, max-snippet:-1, max-image-preview:large, max-video-preview:-1\" \/>\n<link rel=\"canonical\" href=\"https:\/\/baq.com.co\/es\/coming-soon\/\" \/>\n<meta property=\"og:locale\" content=\"es_ES\" \/>\n<meta property=\"og:type\" content=\"article\" \/>\n<meta property=\"og:title\" content=\"Coming soon\" \/>\n<meta property=\"og:description\" content=\"Coming soon\" \/>\n<meta property=\"og:url\" content=\"https:\/\/baq.com.co\/es\/coming-soon\/\" \/>\n<meta property=\"og:site_name\" content=\"Destination Barranquilla\" \/>\n<meta property=\"article:modified_time\" content=\"2025-07-29T13:37:27+00:00\" \/>\n<meta property=\"og:image\" content=\"https:\/\/baq.com.co\/wp-content\/uploads\/2025\/07\/BAQ-gif-2.gif\" \/>\n<meta name=\"twitter:card\" content=\"summary_large_image\" \/>\n<script type=\"application\/ld+json\" class=\"yoast-schema-graph\">{\"@context\":\"https:\\\/\\\/schema.org\",\"@graph\":[{\"@type\":\"WebPage\",\"@id\":\"https:\\\/\\\/baq.com.co\\\/es\\\/coming-soon\\\/\",\"url\":\"https:\\\/\\\/baq.com.co\\\/es\\\/coming-soon\\\/\",\"name\":\"Coming soon - Destination Barranquilla\",\"isPartOf\":{\"@id\":\"https:\\\/\\\/baq.com.co\\\/#website\"},\"primaryImageOfPage\":{\"@id\":\"https:\\\/\\\/baq.com.co\\\/es\\\/coming-soon\\\/#primaryimage\"},\"image\":{\"@id\":\"https:\\\/\\\/baq.com.co\\\/es\\\/coming-soon\\\/#primaryimage\"},\"thumbnailUrl\":\"https:\\\/\\\/baq.com.co\\\/wp-content\\\/uploads\\\/2025\\\/07\\\/BAQ-gif-2.gif\",\"datePublished\":\"2025-07-03T16:09:47+00:00\",\"dateModified\":\"2025-07-29T13:37:27+00:00\",\"breadcrumb\":{\"@id\":\"https:\\\/\\\/baq.com.co\\\/es\\\/coming-soon\\\/#breadcrumb\"},\"inLanguage\":\"es-CO\",\"potentialAction\":[{\"@type\":\"ReadAction\",\"target\":[\"https:\\\/\\\/baq.com.co\\\/es\\\/coming-soon\\\/\"]}]},{\"@type\":\"ImageObject\",\"inLanguage\":\"es-CO\",\"@id\":\"https:\\\/\\\/baq.com.co\\\/es\\\/coming-soon\\\/#primaryimage\",\"url\":\"https:\\\/\\\/baq.com.co\\\/wp-content\\\/uploads\\\/2025\\\/07\\\/BAQ-gif-2.gif\",\"contentUrl\":\"https:\\\/\\\/baq.com.co\\\/wp-content\\\/uploads\\\/2025\\\/07\\\/BAQ-gif-2.gif\"},{\"@type\":\"BreadcrumbList\",\"@id\":\"https:\\\/\\\/baq.com.co\\\/es\\\/coming-soon\\\/#breadcrumb\",\"itemListElement\":[{\"@type\":\"ListItem\",\"position\":1,\"name\":\"Home\",\"item\":\"https:\\\/\\\/baq.com.co\\\/\"},{\"@type\":\"ListItem\",\"position\":2,\"name\":\"Coming soon\"}]},{\"@type\":\"WebSite\",\"@id\":\"https:\\\/\\\/baq.com.co\\\/#website\",\"url\":\"https:\\\/\\\/baq.com.co\\\/\",\"name\":\"BAQ\",\"description\":\"Capital Caribe\",\"publisher\":{\"@id\":\"https:\\\/\\\/baq.com.co\\\/#organization\"},\"potentialAction\":[{\"@type\":\"SearchAction\",\"target\":{\"@type\":\"EntryPoint\",\"urlTemplate\":\"https:\\\/\\\/baq.com.co\\\/?s={search_term_string}\"},\"query-input\":{\"@type\":\"PropertyValueSpecification\",\"valueRequired\":true,\"valueName\":\"search_term_string\"}}],\"inLanguage\":\"es-CO\"},{\"@type\":\"Organization\",\"@id\":\"https:\\\/\\\/baq.com.co\\\/#organization\",\"name\":\"BAQ\",\"url\":\"https:\\\/\\\/baq.com.co\\\/\",\"logo\":{\"@type\":\"ImageObject\",\"inLanguage\":\"es-CO\",\"@id\":\"https:\\\/\\\/baq.com.co\\\/#\\\/schema\\\/logo\\\/image\\\/\",\"url\":\"https:\\\/\\\/baq.com.co\\\/wp-content\\\/uploads\\\/2025\\\/05\\\/Logo-3.svg\",\"contentUrl\":\"https:\\\/\\\/baq.com.co\\\/wp-content\\\/uploads\\\/2025\\\/05\\\/Logo-3.svg\",\"width\":401,\"height\":70,\"caption\":\"BAQ\"},\"image\":{\"@id\":\"https:\\\/\\\/baq.com.co\\\/#\\\/schema\\\/logo\\\/image\\\/\"},\"sameAs\":[\"https:\\\/\\\/www.instagram.com\\\/destination.barranquilla\"],\"description\":\"Atractivos, experiencias, eventos y negocios tur\u00edsticos en Barranquilla - Atl\u00e1ntico - Colombia. Cl\u00faster Turismo C\u00e1mara de Comercio de Barranquilla.\"}]}<\/script>\n<!-- \/ Yoast SEO Premium plugin. -->","yoast_head_json":{"title":"Pr\u00f3ximamente - Destino Barranquilla","robots":{"index":"index","follow":"follow","max-snippet":"max-snippet:-1","max-image-preview":"max-image-preview:large","max-video-preview":"max-video-preview:-1"},"canonical":"https:\/\/baq.com.co\/es\/coming-soon\/","og_locale":"es_ES","og_type":"article","og_title":"Coming soon","og_description":"Coming soon","og_url":"https:\/\/baq.com.co\/es\/coming-soon\/","og_site_name":"Destination Barranquilla","article_modified_time":"2025-07-29T13:37:27+00:00","og_image":[{"url":"https:\/\/baq.com.co\/wp-content\/uploads\/2025\/07\/BAQ-gif-2.gif","type":"","width":"","height":""}],"twitter_card":"summary_large_image","schema":{"@context":"https:\/\/schema.org","@graph":[{"@type":"WebPage","@id":"https:\/\/baq.com.co\/es\/coming-soon\/","url":"https:\/\/baq.com.co\/es\/coming-soon\/","name":"Pr\u00f3ximamente - Destino Barranquilla","isPartOf":{"@id":"https:\/\/baq.com.co\/#website"},"primaryImageOfPage":{"@id":"https:\/\/baq.com.co\/es\/coming-soon\/#primaryimage"},"image":{"@id":"https:\/\/baq.com.co\/es\/coming-soon\/#primaryimage"},"thumbnailUrl":"https:\/\/baq.com.co\/wp-content\/uploads\/2025\/07\/BAQ-gif-2.gif","datePublished":"2025-07-03T16:09:47+00:00","dateModified":"2025-07-29T13:37:27+00:00","breadcrumb":{"@id":"https:\/\/baq.com.co\/es\/coming-soon\/#breadcrumb"},"inLanguage":"es-CO","potentialAction":[{"@type":"ReadAction","target":["https:\/\/baq.com.co\/es\/coming-soon\/"]}]},{"@type":"ImageObject","inLanguage":"es-CO","@id":"https:\/\/baq.com.co\/es\/coming-soon\/#primaryimage","url":"https:\/\/baq.com.co\/wp-content\/uploads\/2025\/07\/BAQ-gif-2.gif","contentUrl":"https:\/\/baq.com.co\/wp-content\/uploads\/2025\/07\/BAQ-gif-2.gif"},{"@type":"BreadcrumbList","@id":"https:\/\/baq.com.co\/es\/coming-soon\/#breadcrumb","itemListElement":[{"@type":"ListItem","position":1,"name":"Home","item":"https:\/\/baq.com.co\/"},{"@type":"ListItem","position":2,"name":"Coming soon"}]},{"@type":"WebSite","@id":"https:\/\/baq.com.co\/#website","url":"https:\/\/baq.com.co\/","name":"BAQ","description":"Capital Caribe","publisher":{"@id":"https:\/\/baq.com.co\/#organization"},"potentialAction":[{"@type":"SearchAction","target":{"@type":"EntryPoint","urlTemplate":"https:\/\/baq.com.co\/?s={search_term_string}"},"query-input":{"@type":"PropertyValueSpecification","valueRequired":true,"valueName":"search_term_string"}}],"inLanguage":"es-CO"},{"@type":"Organization","@id":"https:\/\/baq.com.co\/#organization","name":"BAQ","url":"https:\/\/baq.com.co\/","logo":{"@type":"ImageObject","inLanguage":"es-CO","@id":"https:\/\/baq.com.co\/#\/schema\/logo\/image\/","url":"https:\/\/baq.com.co\/wp-content\/uploads\/2025\/05\/Logo-3.svg","contentUrl":"https:\/\/baq.com.co\/wp-content\/uploads\/2025\/05\/Logo-3.svg","width":401,"height":70,"caption":"BAQ"},"image":{"@id":"https:\/\/baq.com.co\/#\/schema\/logo\/image\/"},"sameAs":["https:\/\/www.instagram.com\/destination.barranquilla"],"description":"Atractivos, experiencias, eventos y negocios tur\u00edsticos en Barranquilla - Atl\u00e1ntico - Colombia. Cl\u00faster Turismo C\u00e1mara de Comercio de Barranquilla."}]}},"_links":{"self":[{"href":"https:\/\/baq.com.co\/es\/wp-json\/wp\/v2\/pages\/10751","targetHints":{"allow":["GET"]}}],"collection":[{"href":"https:\/\/baq.com.co\/es\/wp-json\/wp\/v2\/pages"}],"about":[{"href":"https:\/\/baq.com.co\/es\/wp-json\/wp\/v2\/types\/page"}],"author":[{"embeddable":true,"href":"https:\/\/baq.com.co\/es\/wp-json\/wp\/v2\/users\/1"}],"replies":[{"embeddable":true,"href":"https:\/\/baq.com.co\/es\/wp-json\/wp\/v2\/comments?post=10751"}],"version-history":[{"count":4,"href":"https:\/\/baq.com.co\/es\/wp-json\/wp\/v2\/pages\/10751\/revisions"}],"predecessor-version":[{"id":11278,"href":"https:\/\/baq.com.co\/es\/wp-json\/wp\/v2\/pages\/10751\/revisions\/11278"}],"wp:attachment":[{"href":"https:\/\/baq.com.co\/es\/wp-json\/wp\/v2\/media?parent=10751"}],"curies":[{"name":"wp","href":"https:\/\/api.w.org\/{rel}","templated":true}]}}