{"id":10269,"date":"2025-06-06T17:38:41","date_gmt":"2025-06-06T17:38:41","guid":{"rendered":"https:\/\/baq.com.co\/?page_id=10269"},"modified":"2025-07-04T00:10:33","modified_gmt":"2025-07-04T00:10:33","slug":"transportation","status":"publish","type":"page","link":"https:\/\/baq.com.co\/es\/the-city-about-barranquilla\/transportation\/","title":{"rendered":"Transporte"},"content":{"rendered":"<div data-elementor-type=\"wp-page\" data-elementor-id=\"10269\" class=\"elementor elementor-10269\" data-elementor-post-type=\"page\">\n\t\t\t\t<div class=\"elementor-element elementor-element-f4d6e91 e-flex e-con-boxed e-con e-parent\" data-id=\"f4d6e91\" data-element_type=\"container\" data-e-type=\"container\">\n\t\t\t\t\t<div class=\"e-con-inner\">\n\t\t\t\t<div class=\"elementor-element elementor-element-6e45123 elementor-widget elementor-widget-heading\" data-id=\"6e45123\" data-element_type=\"widget\" data-e-type=\"widget\" data-widget_type=\"heading.default\">\n\t\t\t\t<div class=\"elementor-widget-container\">\n\t\t\t\t\t<h2 class=\"elementor-heading-title elementor-size-default\">Transporte en Barranquilla<\/h2>\t\t\t\t<\/div>\n\t\t\t\t<\/div>\n\t\t\t\t<div class=\"elementor-element elementor-element-614d6bf elementor-widget elementor-widget-text-editor\" data-id=\"614d6bf\" data-element_type=\"widget\" data-e-type=\"widget\" data-widget_type=\"text-editor.default\">\n\t\t\t\t<div class=\"elementor-widget-container\">\n\t\t\t\t\t\t\t\t\t<p><span style=\"font-weight: 400;\">Navegando por la \u201cPuerta Dorada\u201d de Colombia\u201d<\/span><\/p>\t\t\t\t\t\t\t\t<\/div>\n\t\t\t\t<\/div>\n\t\t\t\t\t<\/div>\n\t\t\t\t<\/div>\n\t\t<div class=\"elementor-element elementor-element-c83e3be e-flex e-con-boxed e-con e-parent\" data-id=\"c83e3be\" data-element_type=\"container\" data-e-type=\"container\" data-settings=\"{&quot;background_motion_fx_translateX_effect&quot;:&quot;yes&quot;,&quot;background_motion_fx_translateX_direction&quot;:&quot;negative&quot;,&quot;background_motion_fx_translateX_speed&quot;:{&quot;unit&quot;:&quot;px&quot;,&quot;size&quot;:10,&quot;sizes&quot;:[]},&quot;background_motion_fx_translateX_affectedRange&quot;:{&quot;unit&quot;:&quot;%&quot;,&quot;size&quot;:&quot;&quot;,&quot;sizes&quot;:{&quot;start&quot;:9,&quot;end&quot;:98}},&quot;background_background&quot;:&quot;classic&quot;,&quot;background_motion_fx_motion_fx_scrolling&quot;:&quot;yes&quot;,&quot;background_motion_fx_devices&quot;:[&quot;desktop&quot;,&quot;tablet&quot;,&quot;mobile&quot;]}\">\n\t\t\t\t\t<div class=\"e-con-inner\">\n\t\t<div class=\"elementor-element elementor-element-a601426 e-con-full e-flex e-con e-child\" data-id=\"a601426\" data-element_type=\"container\" data-e-type=\"container\" data-settings=\"{&quot;sticky&quot;:&quot;top&quot;,&quot;sticky_offset&quot;:150,&quot;sticky_parent&quot;:&quot;yes&quot;,&quot;sticky_on&quot;:[&quot;desktop&quot;,&quot;tablet&quot;,&quot;mobile&quot;],&quot;sticky_effects_offset&quot;:0,&quot;sticky_anchor_link_offset&quot;:0}\">\n\t\t\t\t<div class=\"elementor-element elementor-element-76d9bc4 elementor-widget elementor-widget-text-editor\" data-id=\"76d9bc4\" data-element_type=\"widget\" data-e-type=\"widget\" data-widget_type=\"text-editor.default\">\n\t\t\t\t<div class=\"elementor-widget-container\">\n\t\t\t\t\t\t\t\t\t<p data-start=\"43\" data-end=\"262\">Desplazarse por Barranquilla es f\u00e1cil y accesible gracias a su variedad de opciones de transporte. Desde modernos sistemas de transporte p\u00fablico hasta alternativas m\u00e1s personalizadas, la ciudad ofrece soluciones para todos los gustos.<\/p><p data-start=\"264\" data-end=\"530\" data-is-last-node=\"\" data-is-only-node=\"\">Ya sea que prefieras explorar sus calles en autob\u00fas, taxi o aplicaciones m\u00f3viles, siempre encontrar\u00e1s una manera pr\u00e1ctica y segura de llegar a tu destino. La conectividad, la cobertura y la flexibilidad hacen que la movilidad en Barranquilla sea una experiencia eficiente tanto para locales como para visitantes.<\/p>\t\t\t\t\t\t\t\t<\/div>\n\t\t\t\t<\/div>\n\t\t\t\t<\/div>\n\t\t<div class=\"elementor-element elementor-element-8b503f5 e-con-full e-flex e-con e-child\" data-id=\"8b503f5\" data-element_type=\"container\" data-e-type=\"container\">\n\t\t\t\t<div class=\"elementor-element elementor-element-b435c94 elementor-arrows-position-inside elementor-pagination-position-outside elementor-widget elementor-widget-image-carousel\" data-id=\"b435c94\" data-element_type=\"widget\" data-e-type=\"widget\" data-settings=\"{&quot;slides_to_show&quot;:&quot;1&quot;,&quot;effect&quot;:&quot;fade&quot;,&quot;navigation&quot;:&quot;both&quot;,&quot;autoplay&quot;:&quot;yes&quot;,&quot;pause_on_hover&quot;:&quot;yes&quot;,&quot;pause_on_interaction&quot;:&quot;yes&quot;,&quot;autoplay_speed&quot;:5000,&quot;infinite&quot;:&quot;yes&quot;,&quot;speed&quot;:500}\" data-widget_type=\"image-carousel.default\">\n\t\t\t\t<div class=\"elementor-widget-container\">\n\t\t\t\t\t\t\t<div class=\"elementor-image-carousel-wrapper swiper\" role=\"region\" aria-roledescription=\"carousel\" aria-label=\"Carrusel de im\u00e1genes\" dir=\"ltr\">\n\t\t\t<div class=\"elementor-image-carousel swiper-wrapper\" aria-live=\"off\">\n\t\t\t\t\t\t\t\t<div class=\"swiper-slide\" role=\"group\" aria-roledescription=\"slide\" aria-label=\"1 de 2\"><figure class=\"swiper-slide-inner\"><img decoding=\"async\" class=\"swiper-slide-image\" src=\"https:\/\/palevioletred-camel-759597.hostingersite.com\/wp-content\/uploads\/2025\/06\/Group-39479332222.jpg\" alt=\"Group 39479332222\" \/><\/figure><\/div><div class=\"swiper-slide\" role=\"group\" aria-roledescription=\"slide\" aria-label=\"2 de 2\"><figure class=\"swiper-slide-inner\"><img decoding=\"async\" class=\"swiper-slide-image\" src=\"https:\/\/palevioletred-camel-759597.hostingersite.com\/wp-content\/uploads\/2025\/06\/Group-39468-1024x1024.jpg\" alt=\"Group 39468\" \/><\/figure><\/div>\t\t\t<\/div>\n\t\t\t\t\t\t\t\t\t\t\t\t<div class=\"elementor-swiper-button elementor-swiper-button-prev\" role=\"button\" tabindex=\"0\">\n\t\t\t\t\t\t<svg xmlns=\"http:\/\/www.w3.org\/2000\/svg\" width=\"93\" height=\"62\" viewbox=\"0 0 93 62\" fill=\"none\"><g clip-path=\"url(#clip0_2001_890)\"><path fill-rule=\"evenodd\" clip-rule=\"evenodd\" d=\"M12.6352 28.3723L92.8602 27.953L93 34.2424H14.0329L36.1157 56.3252L31.224 61.217L0.615501 30.7483L0.755203 30.6085L5.5072 25.8565L31.224 0L36.1157 4.89177L12.6352 28.3723Z\" fill=\"black\"><\/path><\/g><defs><clippath id=\"clip0_2001_890\"><rect width=\"93\" height=\"62\" fill=\"white\" transform=\"matrix(-1 0 0 1 93 0)\"><\/rect><\/clippath><\/defs><\/svg>\t\t\t\t\t<\/div>\n\t\t\t\t\t<div class=\"elementor-swiper-button elementor-swiper-button-next\" role=\"button\" tabindex=\"0\">\n\t\t\t\t\t\t<svg xmlns=\"http:\/\/www.w3.org\/2000\/svg\" width=\"93\" height=\"62\" viewbox=\"0 0 93 62\" fill=\"none\"><path fill-rule=\"evenodd\" clip-rule=\"evenodd\" d=\"M80.3648 28.3723L0.139765 27.953L0 34.2424H78.9671L56.8843 56.3252L61.776 61.217L92.3845 30.7483L92.2448 30.6085L87.4928 25.8565L61.776 0L56.8843 4.89177L80.3648 28.3723Z\" fill=\"black\"><\/path><\/svg>\t\t\t\t\t<\/div>\n\t\t\t\t\n\t\t\t\t\t\t\t\t\t<div class=\"swiper-pagination\"><\/div>\n\t\t\t\t\t\t\t\t\t<\/div>\n\t\t\t\t\t\t<\/div>\n\t\t\t\t<\/div>\n\t\t\t\t<\/div>\n\t\t\t\t\t<\/div>\n\t\t\t\t<\/div>\n\t\t<div class=\"elementor-element elementor-element-040ec73 e-flex e-con-boxed e-con e-parent\" data-id=\"040ec73\" data-element_type=\"container\" data-e-type=\"container\">\n\t\t\t\t\t<div class=\"e-con-inner\">\n\t\t<div class=\"elementor-element elementor-element-6321bac e-grid e-con-full e-con e-child\" data-id=\"6321bac\" data-element_type=\"container\" data-e-type=\"container\">\n\t\t<div class=\"elementor-element elementor-element-f72e886 e-con-full e-flex e-con e-child\" data-id=\"f72e886\" data-element_type=\"container\" data-e-type=\"container\">\n\t\t\t\t<div class=\"elementor-element elementor-element-9d358d5 elementor-widget elementor-widget-image\" data-id=\"9d358d5\" data-element_type=\"widget\" data-e-type=\"widget\" data-widget_type=\"image.default\">\n\t\t\t\t<div class=\"elementor-widget-container\">\n\t\t\t\t\t\t\t\t\t\t\t\t\t\t\t<img fetchpriority=\"high\" decoding=\"async\" width=\"800\" height=\"800\" src=\"https:\/\/palevioletred-camel-759597.hostingersite.com\/wp-content\/uploads\/2025\/06\/Group-39480-1024x1024.jpg\" class=\"attachment-large size-large wp-image-10275\" alt=\"\" srcset=\"https:\/\/baq.com.co\/wp-content\/uploads\/2025\/06\/Group-39480-1024x1024.jpg 1024w, https:\/\/baq.com.co\/wp-content\/uploads\/2025\/06\/Group-39480-300x300.jpg 300w, https:\/\/baq.com.co\/wp-content\/uploads\/2025\/06\/Group-39480-150x150.jpg 150w, https:\/\/baq.com.co\/wp-content\/uploads\/2025\/06\/Group-39480-768x768.jpg 768w, https:\/\/baq.com.co\/wp-content\/uploads\/2025\/06\/Group-39480-370x370.jpg 370w, https:\/\/baq.com.co\/wp-content\/uploads\/2025\/06\/Group-39480-120x120.jpg 120w, https:\/\/baq.com.co\/wp-content\/uploads\/2025\/06\/Group-39480-840x840.jpg 840w, https:\/\/baq.com.co\/wp-content\/uploads\/2025\/06\/Group-39480-410x410.jpg 410w, https:\/\/baq.com.co\/wp-content\/uploads\/2025\/06\/Group-39480.jpg 1069w\" sizes=\"(max-width: 800px) 100vw, 800px\" \/>\t\t\t\t\t\t\t\t\t\t\t\t\t\t\t<\/div>\n\t\t\t\t<\/div>\n\t\t\t\t<div class=\"elementor-element elementor-element-2127a8e elementor-widget elementor-widget-text-editor\" data-id=\"2127a8e\" data-element_type=\"widget\" data-e-type=\"widget\" data-widget_type=\"text-editor.default\">\n\t\t\t\t<div class=\"elementor-widget-container\">\n\t\t\t\t\t\t\t\t\t<p><span style=\"font-weight: 400;\">Descubra la diversidad <\/span><b>opciones de transporte en Barranquilla<\/b><span style=\"font-weight: 400;\">, lo que facilita la navegaci\u00f3n por este <\/span><b>\u201cPuerta Dorada\u201d<\/b><span style=\"font-weight: 400;\"> ciudad. Elija entre lo tradicional <\/span><b>autobuses<\/b><span style=\"font-weight: 400;\"> o utilizar el moderno <\/span><a href=\"https:\/\/www.transmetro.gov.co\/sistema\"><b>Transmetro<\/b><\/a><span style=\"font-weight: 400;\"> sistema de transporte p\u00fablico<\/span><span style=\"font-weight: 400;\">. Explora varios <\/span><a href=\"https:\/\/www.ambq.gov.co\/nuestras-dependencias\/subdireccion-de-transporte\/rutas-de-buses-urbanos\/?ruta=https:\/\/www.ambq.gov.co\/rutas-de-buses\/COOTRATLANTICO\/C15-4144.kmz\"><b>rutas de autobuses urbanos <\/b><\/a><span style=\"font-weight: 400;\">para una cobertura integral.<\/span><\/p>\t\t\t\t\t\t\t\t<\/div>\n\t\t\t\t<\/div>\n\t\t\t\t<\/div>\n\t\t<div class=\"elementor-element elementor-element-b247131 e-con-full e-flex e-con e-child\" data-id=\"b247131\" data-element_type=\"container\" data-e-type=\"container\">\n\t\t\t\t<div class=\"elementor-element elementor-element-66a7c03 elementor-widget elementor-widget-image\" data-id=\"66a7c03\" data-element_type=\"widget\" data-e-type=\"widget\" data-widget_type=\"image.default\">\n\t\t\t\t<div class=\"elementor-widget-container\">\n\t\t\t\t\t\t\t\t\t\t\t\t\t\t\t<img decoding=\"async\" width=\"800\" height=\"800\" src=\"https:\/\/palevioletred-camel-759597.hostingersite.com\/wp-content\/uploads\/2025\/06\/Group-394813-1024x1024.jpg\" class=\"attachment-large size-large wp-image-10274\" alt=\"\" srcset=\"https:\/\/baq.com.co\/wp-content\/uploads\/2025\/06\/Group-394813-1024x1024.jpg 1024w, https:\/\/baq.com.co\/wp-content\/uploads\/2025\/06\/Group-394813-300x300.jpg 300w, https:\/\/baq.com.co\/wp-content\/uploads\/2025\/06\/Group-394813-150x150.jpg 150w, https:\/\/baq.com.co\/wp-content\/uploads\/2025\/06\/Group-394813-768x768.jpg 768w, https:\/\/baq.com.co\/wp-content\/uploads\/2025\/06\/Group-394813-370x370.jpg 370w, https:\/\/baq.com.co\/wp-content\/uploads\/2025\/06\/Group-394813-120x120.jpg 120w, https:\/\/baq.com.co\/wp-content\/uploads\/2025\/06\/Group-394813-840x840.jpg 840w, https:\/\/baq.com.co\/wp-content\/uploads\/2025\/06\/Group-394813-410x410.jpg 410w, https:\/\/baq.com.co\/wp-content\/uploads\/2025\/06\/Group-394813.jpg 1069w\" sizes=\"(max-width: 800px) 100vw, 800px\" \/>\t\t\t\t\t\t\t\t\t\t\t\t\t\t\t<\/div>\n\t\t\t\t<\/div>\n\t\t\t\t<div class=\"elementor-element elementor-element-5d82bd1 elementor-widget elementor-widget-text-editor\" data-id=\"5d82bd1\" data-element_type=\"widget\" data-e-type=\"widget\" data-widget_type=\"text-editor.default\">\n\t\t\t\t<div class=\"elementor-widget-container\">\n\t\t\t\t\t\t\t\t\t<p><span style=\"font-weight: 400;\">Para mayor comodidad, opte por <\/span><b>Taxis<\/b><span style=\"font-weight: 400;\"> Como Taxi 3222222 para explorar la ciudad a tu propio ritmo. <br \/><\/span><span style=\"font-weight: 400;\">Descarga su aplicaci\u00f3n: <a href=\"https:\/\/play.google.com\/store\/apps\/details?id=com.virtual.taxi3222222\">AQU\u00cd\u00a0<\/a><\/span><\/p>\t\t\t\t\t\t\t\t<\/div>\n\t\t\t\t<\/div>\n\t\t\t\t<\/div>\n\t\t<div class=\"elementor-element elementor-element-ad9af3a e-con-full e-flex e-con e-child\" data-id=\"ad9af3a\" data-element_type=\"container\" data-e-type=\"container\">\n\t\t\t\t<div class=\"elementor-element elementor-element-f676712 elementor-widget elementor-widget-image\" data-id=\"f676712\" data-element_type=\"widget\" data-e-type=\"widget\" data-widget_type=\"image.default\">\n\t\t\t\t<div class=\"elementor-widget-container\">\n\t\t\t\t\t\t\t\t\t\t\t\t\t\t\t<img decoding=\"async\" width=\"800\" height=\"800\" src=\"https:\/\/palevioletred-camel-759597.hostingersite.com\/wp-content\/uploads\/2025\/06\/Group-39482211-1024x1024.jpg\" class=\"attachment-large size-large wp-image-10273\" alt=\"\" srcset=\"https:\/\/baq.com.co\/wp-content\/uploads\/2025\/06\/Group-39482211-1024x1024.jpg 1024w, https:\/\/baq.com.co\/wp-content\/uploads\/2025\/06\/Group-39482211-300x300.jpg 300w, https:\/\/baq.com.co\/wp-content\/uploads\/2025\/06\/Group-39482211-150x150.jpg 150w, https:\/\/baq.com.co\/wp-content\/uploads\/2025\/06\/Group-39482211-768x768.jpg 768w, https:\/\/baq.com.co\/wp-content\/uploads\/2025\/06\/Group-39482211-370x370.jpg 370w, https:\/\/baq.com.co\/wp-content\/uploads\/2025\/06\/Group-39482211-120x120.jpg 120w, https:\/\/baq.com.co\/wp-content\/uploads\/2025\/06\/Group-39482211-840x840.jpg 840w, https:\/\/baq.com.co\/wp-content\/uploads\/2025\/06\/Group-39482211-410x410.jpg 410w, https:\/\/baq.com.co\/wp-content\/uploads\/2025\/06\/Group-39482211.jpg 1069w\" sizes=\"(max-width: 800px) 100vw, 800px\" \/>\t\t\t\t\t\t\t\t\t\t\t\t\t\t\t<\/div>\n\t\t\t\t<\/div>\n\t\t\t\t<div class=\"elementor-element elementor-element-d623af1 elementor-widget elementor-widget-text-editor\" data-id=\"d623af1\" data-element_type=\"widget\" data-e-type=\"widget\" data-widget_type=\"text-editor.default\">\n\t\t\t\t<div class=\"elementor-widget-container\">\n\t\t\t\t\t\t\t\t\t<p><span style=\"font-weight: 400;\">Aplicaciones como Uber te permiten moverte por Barranquilla con facilidad, seguridad ya tu propio ritmo.<br \/>Descarga su aplicaci\u00f3n: <a href=\"https:\/\/play.google.com\/store\/apps\/details?id=com.virtual.taxi3222222\">AQU\u00cd\u00a0<\/a><br \/><\/span><\/p>\t\t\t\t\t\t\t\t<\/div>\n\t\t\t\t<\/div>\n\t\t\t\t<\/div>\n\t\t\t\t<\/div>\n\t\t\t\t\t<\/div>\n\t\t\t\t<\/div>\n\t\t\t\t<\/div>","protected":false},"excerpt":{"rendered":"<p>Transportation in Barranquilla Navigating Colombia&#8217;s &#8220;Golden Gate&#8221; Getting around Barranquilla is easy and accessible thanks to its variety of transportation options. From modern public transit systems to more personalized alternatives, the city offers solutions for every travel style. Whether you prefer to explore its streets by bus, taxi, or mobile apps, you\u2019ll always find a [&hellip;]<\/p>","protected":false},"author":1,"featured_media":0,"parent":10196,"menu_order":0,"comment_status":"closed","ping_status":"closed","template":"","meta":{"_acf_changed":false,"footnotes":""},"class_list":["post-10269","page","type-page","status-publish","hentry"],"acf":[],"yoast_head":"<!-- This site is optimized with the Yoast SEO Premium plugin v25.7.1 (Yoast SEO v27.5) - https:\/\/yoast.com\/product\/yoast-seo-premium-wordpress\/ -->\n<title>Transportation - Destination Barranquilla<\/title>\n<meta name=\"robots\" content=\"index, follow, max-snippet:-1, max-image-preview:large, max-video-preview:-1\" \/>\n<link rel=\"canonical\" href=\"https:\/\/baq.com.co\/es\/the-city-about-barranquilla\/transportation\/\" \/>\n<meta property=\"og:locale\" content=\"es_ES\" \/>\n<meta property=\"og:type\" content=\"article\" \/>\n<meta property=\"og:title\" content=\"Transportation\" \/>\n<meta property=\"og:description\" content=\"Transportation in Barranquilla Navigating Colombia&#039;s &#8220;Golden Gate&#8221; Getting around Barranquilla is easy and accessible thanks to its variety of transportation options. From modern public transit systems to more personalized alternatives, the city offers solutions for every travel style. Whether you prefer to explore its streets by bus, taxi, or mobile apps, you\u2019ll always find a [&hellip;]\" \/>\n<meta property=\"og:url\" content=\"https:\/\/baq.com.co\/es\/the-city-about-barranquilla\/transportation\/\" \/>\n<meta property=\"og:site_name\" content=\"Destination Barranquilla\" \/>\n<meta property=\"article:modified_time\" content=\"2025-07-04T00:10:33+00:00\" \/>\n<meta property=\"og:image\" content=\"https:\/\/baq.com.co\/wp-content\/uploads\/2025\/06\/Group-39479332222.jpg\" \/>\n<meta name=\"twitter:card\" content=\"summary_large_image\" \/>\n<meta name=\"twitter:label1\" content=\"Tiempo de lectura\" \/>\n\t<meta name=\"twitter:data1\" content=\"1 minuto\" \/>\n<script type=\"application\/ld+json\" class=\"yoast-schema-graph\">{\"@context\":\"https:\\\/\\\/schema.org\",\"@graph\":[{\"@type\":\"WebPage\",\"@id\":\"https:\\\/\\\/baq.com.co\\\/the-city-about-barranquilla\\\/transportation\\\/\",\"url\":\"https:\\\/\\\/baq.com.co\\\/the-city-about-barranquilla\\\/transportation\\\/\",\"name\":\"Transportation - Destination Barranquilla\",\"isPartOf\":{\"@id\":\"https:\\\/\\\/baq.com.co\\\/#website\"},\"primaryImageOfPage\":{\"@id\":\"https:\\\/\\\/baq.com.co\\\/the-city-about-barranquilla\\\/transportation\\\/#primaryimage\"},\"image\":{\"@id\":\"https:\\\/\\\/baq.com.co\\\/the-city-about-barranquilla\\\/transportation\\\/#primaryimage\"},\"thumbnailUrl\":\"https:\\\/\\\/baq.com.co\\\/wp-content\\\/uploads\\\/2025\\\/06\\\/Group-39479332222.jpg\",\"datePublished\":\"2025-06-06T17:38:41+00:00\",\"dateModified\":\"2025-07-04T00:10:33+00:00\",\"breadcrumb\":{\"@id\":\"https:\\\/\\\/baq.com.co\\\/the-city-about-barranquilla\\\/transportation\\\/#breadcrumb\"},\"inLanguage\":\"es-CO\",\"potentialAction\":[{\"@type\":\"ReadAction\",\"target\":[\"https:\\\/\\\/baq.com.co\\\/the-city-about-barranquilla\\\/transportation\\\/\"]}]},{\"@type\":\"ImageObject\",\"inLanguage\":\"es-CO\",\"@id\":\"https:\\\/\\\/baq.com.co\\\/the-city-about-barranquilla\\\/transportation\\\/#primaryimage\",\"url\":\"https:\\\/\\\/baq.com.co\\\/wp-content\\\/uploads\\\/2025\\\/06\\\/Group-39479332222.jpg\",\"contentUrl\":\"https:\\\/\\\/baq.com.co\\\/wp-content\\\/uploads\\\/2025\\\/06\\\/Group-39479332222.jpg\"},{\"@type\":\"BreadcrumbList\",\"@id\":\"https:\\\/\\\/baq.com.co\\\/the-city-about-barranquilla\\\/transportation\\\/#breadcrumb\",\"itemListElement\":[{\"@type\":\"ListItem\",\"position\":1,\"name\":\"Home\",\"item\":\"https:\\\/\\\/baq.com.co\\\/\"},{\"@type\":\"ListItem\",\"position\":2,\"name\":\"The City &#8211; About Barranquilla\",\"item\":\"https:\\\/\\\/baq.com.co\\\/the-city-about-barranquilla\\\/\"},{\"@type\":\"ListItem\",\"position\":3,\"name\":\"Transportation\"}]},{\"@type\":\"WebSite\",\"@id\":\"https:\\\/\\\/baq.com.co\\\/#website\",\"url\":\"https:\\\/\\\/baq.com.co\\\/\",\"name\":\"BAQ\",\"description\":\"Capital Caribe\",\"publisher\":{\"@id\":\"https:\\\/\\\/baq.com.co\\\/#organization\"},\"potentialAction\":[{\"@type\":\"SearchAction\",\"target\":{\"@type\":\"EntryPoint\",\"urlTemplate\":\"https:\\\/\\\/baq.com.co\\\/?s={search_term_string}\"},\"query-input\":{\"@type\":\"PropertyValueSpecification\",\"valueRequired\":true,\"valueName\":\"search_term_string\"}}],\"inLanguage\":\"es-CO\"},{\"@type\":\"Organization\",\"@id\":\"https:\\\/\\\/baq.com.co\\\/#organization\",\"name\":\"BAQ\",\"url\":\"https:\\\/\\\/baq.com.co\\\/\",\"logo\":{\"@type\":\"ImageObject\",\"inLanguage\":\"es-CO\",\"@id\":\"https:\\\/\\\/baq.com.co\\\/#\\\/schema\\\/logo\\\/image\\\/\",\"url\":\"https:\\\/\\\/baq.com.co\\\/wp-content\\\/uploads\\\/2025\\\/05\\\/Logo-3.svg\",\"contentUrl\":\"https:\\\/\\\/baq.com.co\\\/wp-content\\\/uploads\\\/2025\\\/05\\\/Logo-3.svg\",\"width\":401,\"height\":70,\"caption\":\"BAQ\"},\"image\":{\"@id\":\"https:\\\/\\\/baq.com.co\\\/#\\\/schema\\\/logo\\\/image\\\/\"},\"sameAs\":[\"https:\\\/\\\/www.instagram.com\\\/destination.barranquilla\"],\"description\":\"Atractivos, experiencias, eventos y negocios tur\u00edsticos en Barranquilla - Atl\u00e1ntico - Colombia. Cl\u00faster Turismo C\u00e1mara de Comercio de Barranquilla.\"}]}<\/script>\n<!-- \/ Yoast SEO Premium plugin. -->","yoast_head_json":{"title":"Transportation - Destination Barranquilla","robots":{"index":"index","follow":"follow","max-snippet":"max-snippet:-1","max-image-preview":"max-image-preview:large","max-video-preview":"max-video-preview:-1"},"canonical":"https:\/\/baq.com.co\/es\/the-city-about-barranquilla\/transportation\/","og_locale":"es_ES","og_type":"article","og_title":"Transportation","og_description":"Transportation in Barranquilla Navigating Colombia's &#8220;Golden Gate&#8221; Getting around Barranquilla is easy and accessible thanks to its variety of transportation options. From modern public transit systems to more personalized alternatives, the city offers solutions for every travel style. Whether you prefer to explore its streets by bus, taxi, or mobile apps, you\u2019ll always find a [&hellip;]","og_url":"https:\/\/baq.com.co\/es\/the-city-about-barranquilla\/transportation\/","og_site_name":"Destination Barranquilla","article_modified_time":"2025-07-04T00:10:33+00:00","og_image":[{"url":"https:\/\/baq.com.co\/wp-content\/uploads\/2025\/06\/Group-39479332222.jpg","type":"","width":"","height":""}],"twitter_card":"summary_large_image","twitter_misc":{"Tiempo de lectura":"1 minuto"},"schema":{"@context":"https:\/\/schema.org","@graph":[{"@type":"WebPage","@id":"https:\/\/baq.com.co\/the-city-about-barranquilla\/transportation\/","url":"https:\/\/baq.com.co\/the-city-about-barranquilla\/transportation\/","name":"Transportation - Destination Barranquilla","isPartOf":{"@id":"https:\/\/baq.com.co\/#website"},"primaryImageOfPage":{"@id":"https:\/\/baq.com.co\/the-city-about-barranquilla\/transportation\/#primaryimage"},"image":{"@id":"https:\/\/baq.com.co\/the-city-about-barranquilla\/transportation\/#primaryimage"},"thumbnailUrl":"https:\/\/baq.com.co\/wp-content\/uploads\/2025\/06\/Group-39479332222.jpg","datePublished":"2025-06-06T17:38:41+00:00","dateModified":"2025-07-04T00:10:33+00:00","breadcrumb":{"@id":"https:\/\/baq.com.co\/the-city-about-barranquilla\/transportation\/#breadcrumb"},"inLanguage":"es-CO","potentialAction":[{"@type":"ReadAction","target":["https:\/\/baq.com.co\/the-city-about-barranquilla\/transportation\/"]}]},{"@type":"ImageObject","inLanguage":"es-CO","@id":"https:\/\/baq.com.co\/the-city-about-barranquilla\/transportation\/#primaryimage","url":"https:\/\/baq.com.co\/wp-content\/uploads\/2025\/06\/Group-39479332222.jpg","contentUrl":"https:\/\/baq.com.co\/wp-content\/uploads\/2025\/06\/Group-39479332222.jpg"},{"@type":"BreadcrumbList","@id":"https:\/\/baq.com.co\/the-city-about-barranquilla\/transportation\/#breadcrumb","itemListElement":[{"@type":"ListItem","position":1,"name":"Home","item":"https:\/\/baq.com.co\/"},{"@type":"ListItem","position":2,"name":"The City &#8211; About Barranquilla","item":"https:\/\/baq.com.co\/the-city-about-barranquilla\/"},{"@type":"ListItem","position":3,"name":"Transportation"}]},{"@type":"WebSite","@id":"https:\/\/baq.com.co\/#website","url":"https:\/\/baq.com.co\/","name":"BAQ","description":"Capital Caribe","publisher":{"@id":"https:\/\/baq.com.co\/#organization"},"potentialAction":[{"@type":"SearchAction","target":{"@type":"EntryPoint","urlTemplate":"https:\/\/baq.com.co\/?s={search_term_string}"},"query-input":{"@type":"PropertyValueSpecification","valueRequired":true,"valueName":"search_term_string"}}],"inLanguage":"es-CO"},{"@type":"Organization","@id":"https:\/\/baq.com.co\/#organization","name":"BAQ","url":"https:\/\/baq.com.co\/","logo":{"@type":"ImageObject","inLanguage":"es-CO","@id":"https:\/\/baq.com.co\/#\/schema\/logo\/image\/","url":"https:\/\/baq.com.co\/wp-content\/uploads\/2025\/05\/Logo-3.svg","contentUrl":"https:\/\/baq.com.co\/wp-content\/uploads\/2025\/05\/Logo-3.svg","width":401,"height":70,"caption":"BAQ"},"image":{"@id":"https:\/\/baq.com.co\/#\/schema\/logo\/image\/"},"sameAs":["https:\/\/www.instagram.com\/destination.barranquilla"],"description":"Atractivos, experiencias, eventos y negocios tur\u00edsticos en Barranquilla - Atl\u00e1ntico - Colombia. Cl\u00faster Turismo C\u00e1mara de Comercio de Barranquilla."}]}},"_links":{"self":[{"href":"https:\/\/baq.com.co\/es\/wp-json\/wp\/v2\/pages\/10269","targetHints":{"allow":["GET"]}}],"collection":[{"href":"https:\/\/baq.com.co\/es\/wp-json\/wp\/v2\/pages"}],"about":[{"href":"https:\/\/baq.com.co\/es\/wp-json\/wp\/v2\/types\/page"}],"author":[{"embeddable":true,"href":"https:\/\/baq.com.co\/es\/wp-json\/wp\/v2\/users\/1"}],"replies":[{"embeddable":true,"href":"https:\/\/baq.com.co\/es\/wp-json\/wp\/v2\/comments?post=10269"}],"version-history":[{"count":16,"href":"https:\/\/baq.com.co\/es\/wp-json\/wp\/v2\/pages\/10269\/revisions"}],"predecessor-version":[{"id":11014,"href":"https:\/\/baq.com.co\/es\/wp-json\/wp\/v2\/pages\/10269\/revisions\/11014"}],"up":[{"embeddable":true,"href":"https:\/\/baq.com.co\/es\/wp-json\/wp\/v2\/pages\/10196"}],"wp:attachment":[{"href":"https:\/\/baq.com.co\/es\/wp-json\/wp\/v2\/media?parent=10269"}],"curies":[{"name":"wp","href":"https:\/\/api.w.org\/{rel}","templated":true}]}}